{"id":3991,"date":"2018-07-26T13:24:52","date_gmt":"2018-07-26T13:24:52","guid":{"rendered":"https:\/\/vinicom.pt\/loja-online\/uncategorized\/quinta-do-vale-meao-olive-oil\/"},"modified":"2025-08-05T10:20:14","modified_gmt":"2025-08-05T10:20:14","slug":"quinta-do-vale-meao-olive-oil","status":"publish","type":"product","link":"https:\/\/vinicom.pt\/en\/loja-online\/portugal-en\/douro-en\/quinta-do-vale-meao-olive-oil\/","title":{"rendered":"Quinta do Vale Me\u00e3o Olive Oil"},"content":{"rendered":"<div class=\"wpb-content-wrapper\"><p>[vc_row][vc_column]\n\t\t<div id=\"wd-64f598fdaa197\" class=\"title-wrapper wd-wpb set-mb-s reset-last-child  wd-rs-64f598fdaa197 wd-title-color-default wd-title-style-default text-left  wd-underline-colored\">\n\t\t\t\n\t\t\t<div class=\"liner-continer\">\n\t\t\t\t<h4 class=\"woodmart-title-container title  wd-font-weight- wd-fontsize-xl\" >AWARDS<\/h4>\n\t\t\t\t\t\t\t<\/div>\n\t\t\t\n\t\t\t\n\t\t\t\n\t\t<\/div>\n\t\t\n\t\t[vc_column_text css=&#8221;&#8221; text_larger=&#8221;no&#8221; woodmart_inline=&#8221;no&#8221;]Gold Medal, Best Small Producer Olive Oil in the Mature Fruity category, Portugal National Olive Oil Contest 2024[\/vc_column_text][\/vc_column][\/vc_row]<\/p>\n<\/div>","protected":false},"excerpt":{"rendered":"<p>Verdeal, Cordovil and Cobran\u00e7osa are the varieties that give rise to Quinta do Vale Me\u00e3o Olive Oil. An organic olive oil made in the olive grove dated 1887, owned by Dona Ant\u00f3nia Adelaide Ferreira, a Douro entrepreneur who was a major driving force of branded Port wines. The Estate\u2019s remarkable micro-climate makes the use of any chemical product unnecessary, allowing an olive oil certified as organic. Intense in color, it has a herbaceous and fruity aroma and is slightly spicy. Goes particularly well with salads or as a condiment for fish and vegetable dishes.    <\/p>\n<p><strong>Unit:<\/strong> 50 cl<\/p>\n<p><strong>*<\/strong> The price includes VAT at the legal rate in force<br \/>\n<strong>**<\/strong> Contains sulfites<\/p>\n<p><a href=\"\/wp-content\/uploads\/2025\/08\/Vinicom-Ficha-Tecnica_Quinta-do-Vale-Meao-Azeite-Virgem-Extra_v2025.pdf\" target=\"_blank\" rel=\"noopener noreferrer\"><i class=\"fa fa-download\"><\/i> Technical Sheet<\/a><br \/>\n<a href=\"\/wp-content\/uploads\/2018\/07\/quinta_do_vale_meao_azeite_virgem_extra.webp\" download=\"\"><i class=\"fa fa-download\"><\/i> Bottle Shot<\/a><\/p>\n","protected":false},"featured_media":12987,"comment_status":"open","ping_status":"closed","template":"","meta":{"_acf_changed":false},"product_brand":[],"product_cat":[164,167],"product_tag":[],"class_list":{"0":"post-3991","1":"product","2":"type-product","3":"status-publish","4":"has-post-thumbnail","6":"product_cat-portugal-en","7":"product_cat-douro-en","9":"first","10":"instock","11":"taxable","12":"shipping-taxable","13":"purchasable","14":"product-type-simple"},"acf":[],"aioseo_notices":[],"_links":{"self":[{"href":"https:\/\/vinicom.pt\/en\/wp-json\/wp\/v2\/product\/3991","targetHints":{"allow":["GET"]}}],"collection":[{"href":"https:\/\/vinicom.pt\/en\/wp-json\/wp\/v2\/product"}],"about":[{"href":"https:\/\/vinicom.pt\/en\/wp-json\/wp\/v2\/types\/product"}],"replies":[{"embeddable":true,"href":"https:\/\/vinicom.pt\/en\/wp-json\/wp\/v2\/comments?post=3991"}],"wp:featuredmedia":[{"embeddable":true,"href":"https:\/\/vinicom.pt\/en\/wp-json\/wp\/v2\/media\/12987"}],"wp:attachment":[{"href":"https:\/\/vinicom.pt\/en\/wp-json\/wp\/v2\/media?parent=3991"}],"wp:term":[{"taxonomy":"product_brand","embeddable":true,"href":"https:\/\/vinicom.pt\/en\/wp-json\/wp\/v2\/product_brand?post=3991"},{"taxonomy":"product_cat","embeddable":true,"href":"https:\/\/vinicom.pt\/en\/wp-json\/wp\/v2\/product_cat?post=3991"},{"taxonomy":"product_tag","embeddable":true,"href":"https:\/\/vinicom.pt\/en\/wp-json\/wp\/v2\/product_tag?post=3991"}],"curies":[{"name":"wp","href":"https:\/\/api.w.org\/{rel}","templated":true}]}}