{"id":12954,"date":"2025-07-31T17:19:22","date_gmt":"2025-07-31T17:19:24","guid":{"rendered":"https:\/\/vinicom.pt\/?post_type=product&#038;p=12954"},"modified":"2026-03-31T11:22:16","modified_gmt":"2026-03-31T11:22:16","slug":"howards-folly-alvarinho","status":"publish","type":"product","link":"https:\/\/vinicom.pt\/en\/loja-online\/portugal-en\/vinhos-verdes-en\/howards-folly-alvarinho\/","title":{"rendered":"Howard&#8217;s Folly Alvarinho 2024"},"content":{"rendered":"<div class=\"wpb-content-wrapper\"><p>[vc_row][vc_column]\n\t\t<div id=\"wd-69cbae17cb33e\" class=\"title-wrapper wd-wpb set-mb-s reset-last-child  wd-rs-69cbae17cb33e wd-title-color-default wd-title-style-default text-center  wd-underline-colored\">\n\t\t\t\n\t\t\t<div class=\"liner-continer\">\n\t\t\t\t<h4 class=\"woodmart-title-container title  wd-font-weight- wd-fontsize-l\" >Awards<\/h4>\n\t\t\t\t\t\t\t<\/div>\n\t\t\t\n\t\t\t\n\t\t\t\n\t\t<\/div>\n\t\t\n\t\t[\/vc_column][\/vc_row][vc_row][vc_column]\t\t<div id=\"wd-69cbae2ac6f7c\" class=\"wd-text-block wd-wpb reset-last-child wd-rs-69cbae2ac6f7c text-left \">\n\t\t\t<p>Vintage 2024 &#8211; 16,5 points, Julia Harding, Jancis Robinson 2025<br \/>\nVintage 2024 &#8211; 92 points, James Suckling<\/p>\n\t\t<\/div>\n\t\t[\/vc_column][\/vc_row]<\/p>\n<\/div>","protected":false},"excerpt":{"rendered":"<p>Produced in Mon\u00e7\u00e3o and Melga\u00e7o sub-region of the Vinho Verde Region, this wine aged for 4 months on fine lees. It reveals fresh citric aromas with some exotic lime notes. Firm palate, well structured, with intense fruit and complex minerality, ending with the typical acidity of Melga\u00e7o.<\/p>\n<p><strong>Size:<\/strong> 75 cl<\/p>\n<p><strong>*<\/strong> The price includes VAT at the legal rate in force<br \/>\n<strong>**<\/strong> Contains sulfites<\/p>\n<div><a href=\"\/wp-content\/uploads\/2025\/08\/Vinicom-Ficha-Tecnica-Howards-Folly-Alvarinho-2024.pdf\" target=\"_blank\" rel=\"noopener noreferrer\"><i class=\"fa fa-download\"><\/i> Technical Sheet<\/a><\/div>\n<div><a href=\"\/wp-content\/uploads\/2025\/09\/howards_folly_alvarinho_sem_capsula.webp\" download=\"\"><i class=\"fa fa-download\"><\/i> Bottle Shot<\/a><\/div>\n","protected":false},"featured_media":13014,"comment_status":"open","ping_status":"closed","template":"","meta":{"_acf_changed":false},"product_brand":[],"product_cat":[164,170],"product_tag":[],"class_list":{"0":"post-12954","1":"product","2":"type-product","3":"status-publish","4":"has-post-thumbnail","6":"product_cat-portugal-en","7":"product_cat-vinhos-verdes-en","9":"first","10":"instock","11":"taxable","12":"shipping-taxable","13":"purchasable","14":"product-type-simple"},"acf":[],"aioseo_notices":[],"_links":{"self":[{"href":"https:\/\/vinicom.pt\/en\/wp-json\/wp\/v2\/product\/12954","targetHints":{"allow":["GET"]}}],"collection":[{"href":"https:\/\/vinicom.pt\/en\/wp-json\/wp\/v2\/product"}],"about":[{"href":"https:\/\/vinicom.pt\/en\/wp-json\/wp\/v2\/types\/product"}],"replies":[{"embeddable":true,"href":"https:\/\/vinicom.pt\/en\/wp-json\/wp\/v2\/comments?post=12954"}],"wp:featuredmedia":[{"embeddable":true,"href":"https:\/\/vinicom.pt\/en\/wp-json\/wp\/v2\/media\/13014"}],"wp:attachment":[{"href":"https:\/\/vinicom.pt\/en\/wp-json\/wp\/v2\/media?parent=12954"}],"wp:term":[{"taxonomy":"product_brand","embeddable":true,"href":"https:\/\/vinicom.pt\/en\/wp-json\/wp\/v2\/product_brand?post=12954"},{"taxonomy":"product_cat","embeddable":true,"href":"https:\/\/vinicom.pt\/en\/wp-json\/wp\/v2\/product_cat?post=12954"},{"taxonomy":"product_tag","embeddable":true,"href":"https:\/\/vinicom.pt\/en\/wp-json\/wp\/v2\/product_tag?post=12954"}],"curies":[{"name":"wp","href":"https:\/\/api.w.org\/{rel}","templated":true}]}}