{"id":3853,"date":"2020-04-28T22:56:55","date_gmt":"2020-04-28T22:56:55","guid":{"rendered":"https:\/\/vinicom.pt\/?page_id=3853"},"modified":"2023-02-23T12:29:41","modified_gmt":"2023-02-23T12:29:41","slug":"producer-quinta-de-sto-antonio","status":"publish","type":"page","link":"https:\/\/vinicom.pt\/en\/producer-quinta-de-sto-antonio\/","title":{"rendered":"Quinta de St\u00ba Ant\u00f3nio"},"content":{"rendered":"<div class=\"wpb-content-wrapper\"><p>[vc_row full_width=&#8221;stretch_row&#8221; css=&#8221;.vc_custom_1535382332771{padding-top: 150px !important;padding-bottom: 150px !important;background-image: url(https:\/\/vinicom.pt\/wp-content\/uploads\/2018\/08\/quinta-sto-antonio-min.jpg?id=1104) !important;background-position: center !important;background-repeat: no-repeat !important;background-size: cover !important;}&#8221;][vc_column el_class=&#8221;column-headline&#8221;]\n\t\t<div id=\"wd-5ea8b5082c495\" class=\"title-wrapper wd-wpb set-mb-s reset-last-child  wd-rs-5ea8b5082c495 wd-title-color-white wd-title-style-default text-center  wd-underline-colored\">\n\t\t\t\t\t\t\t<div class=\"title-subtitle  subtitle-color-white font-default subtitle-style-default wd-font-weight- wd-fontsize-m\">WE DISTRIBUTE WINES, WE DISTRIBUTE EMOTIONS<\/div>\n\t\t\t\n\t\t\t<div class=\"liner-continer\">\n\t\t\t\t<h4 class=\"woodmart-title-container title  wd-font-weight-600 wd-fontsize-xxxl\" >QUINTA DE SANTO ANT\u00d3NIO<\/h4>\n\t\t\t\t\t\t\t<\/div>\n\t\t\t\n\t\t\t\n\t\t\t\n\t\t<\/div>\n\t\t\n\t\t\t\t\t<div class=\"info-box-wrapper\">\n\t\t\t\t<div id=\"wd-5ea8c29d3f3fd\" class=\" wd-rs-5ea8c29d3f3fd wd-info-box wd-wpb text-left box-icon-align-left box-style- color-scheme-light wd-bg-none wd-items-top goback \">\n\t\t\t\t\t\t\t\t\t\t\t<div class=\"box-icon-wrapper  box-with-icon box-icon-simple\">\n\t\t\t\t\t\t\t<div class=\"info-box-icon\">\n\n\t\t\t\t\t\t\t\n\t\t\t\t\t\t\t\t\t\t\t\t\t\t\t\t\t<img decoding=\"async\" width=\"20\" height=\"20\" src=\"data:image\/png;base64,iVBORw0KGgoAAAANSUhEUgAAAAoAAAAKCAQAAAAnOwc2AAAAZElEQVQI122OPQ5AQBhEhxCJykbjGi5BoxPNupUbaLmSRoHGHZ6C5FPslJP5eZIkiZSGmkgmEjwHC7lZKZ6TjY7YrJGLnZ4Sh6Mgixg0qdKtXbwpzbFCCtXDRz+k9Yf0jbQG\/wD1ykeSCxRtlgAAAABJRU5ErkJggg==\" class=\"attachment-20x20 size-20x20 wd-lazy-load wd-lazy-fade\" alt=\"\" data-wood-src=\"https:\/\/vinicom.pt\/wp-content\/uploads\/2018\/08\/arrow-icon-20x20.png\" srcset=\"\" \/>\t\t\t\t\t\t\t\t\t\t\t\t\t\t\t\n\t\t\t\t\t\t\t<\/div>\n\t\t\t\t\t\t<\/div>\n\t\t\t\t\t\t\t\t\t\t<div class=\"info-box-content\">\n\t\t\t\t\t\t<h4 class=\"info-box-title title box-title-style-default wd-fontsize-s\">BACK TO PRODUCERS<\/h4>\t\t\t\t\t\t<div class=\"info-box-inner set-cont-mb-s reset-last-child\"><\/div>\n\n\t\t\t\t\t\t\t\t\t\t\t<\/div>\n\n\t\t\t\t\t\t\t\t\t\t\t<a class=\"wd-info-box-link wd-fill\" aria-label=\"Infobox link\" href=\"\/en\/producers\/\" title=\"\"><\/a>\n\t\t\t\t\t\n\t\t\t\t\t\t\t\t\t<\/div>\n\t\t\t<\/div>\n\t\t[\/vc_column][\/vc_row][vc_row full_width=&#8221;stretch_row_content_no_spaces&#8221; equal_height=&#8221;yes&#8221; content_placement=&#8221;top&#8221; css=&#8221;.vc_custom_1535099200664{padding-top: 80px !important;padding-bottom: 80px !important;}&#8221;][vc_column width=&#8221;1\/6&#8243;][\/vc_column][vc_column width=&#8221;1\/3&#8243;][vc_column_text text_larger=&#8221;no&#8221;]<\/p>\n<h1>Centuries of history encased in bottles<\/h1>\n<p>Located in the heart of the noble D\u00e3o demarcated region, Quinta de St\u00ba Ant\u00f3nio is governed by passion, integrity and demand, taking on the responsibility of bringing the unique character of the traditional D\u00e3o grape varieties to Portugal and the global market.<\/p>\n<p>With about 30 hectares, Quinta de St\u00ba Ant\u00f3nio began its construction in the 16th century and continued throughout several centuries. Its wines are marketed under the brand Terras de St\u00ba Ant\u00f3nio from the main D\u00e3o grape varieties: Touriga Nacional, Tinta Roriz, Ja\u00e9n, Alfrocheiro and Rufete.[\/vc_column_text][\/vc_column][vc_column width=&#8221;5\/12&#8243; css=&#8221;.vc_custom_1535101981407{padding-left: 90px !important;}&#8221;][vc_single_image image=&#8221;2745&#8243; img_size=&#8221;full&#8221; alignment=&#8221;center&#8221; style=&#8221;vc_box_shadow&#8221;][vc_empty_space][vc_column_text text_larger=&#8221;no&#8221;]<\/p>\n<blockquote>\n<p style=\"font-size: 27px;\">&#8220;With about 30 hectares, Quinta de St\u00ba Ant\u00f3nio was built in the 16th century and today produces wines from the main D\u00e3o grape varieties.&#8221;<\/p>\n<\/blockquote>\n<p>[\/vc_column_text][\/vc_column][\/vc_row][vc_row full_width=&#8221;stretch_row_content_no_spaces&#8221;][vc_column width=&#8221;1\/6&#8243;][\/vc_column][vc_column width=&#8221;2\/3&#8243;]\n\t\t<div id=\"wd-5ea8b549c958a\" class=\"title-wrapper wd-wpb set-mb-s reset-last-child  wd-rs-5ea8b549c958a wd-title-color-default wd-title-style-default text-left  wd-underline-colored\">\n\t\t\t\n\t\t\t<div class=\"liner-continer\">\n\t\t\t\t<h3 class=\"woodmart-title-container title  wd-font-weight-700 wd-fontsize-xl\" >SOME PRODUCTS<\/h3>\n\t\t\t\t\t\t\t<\/div>\n\t\t\t\n\t\t\t\n\t\t\t\n\t\t<\/div>\n\t\t\n\t\t\t\t\t\t\t\t\t\t\t[\/vc_column][vc_column width=&#8221;1\/6&#8243;][\/vc_column][\/vc_row]<\/p>\n<\/div>","protected":false},"excerpt":{"rendered":"<p>[vc_row full_width=&#8221;stretch_row&#8221; css=&#8221;.vc_custom_1535382332771{padding-top: 150px !important;padding-bottom: 150px !important;background-image: url(https:\/\/vinicom.pt\/wp-content\/uploads\/2018\/08\/quinta-sto-antonio-min.jpg?id=1104) !important;background-position: center !important;background-repeat: no-repeat !important;background-size: cover !important;}&#8221;][vc_column el_class=&#8221;column-headline&#8221;][\/vc_column][\/vc_row][vc_row full_width=&#8221;stretch_row_content_no_spaces&#8221; equal_height=&#8221;yes&#8221; content_placement=&#8221;top&#8221; css=&#8221;.vc_custom_1535099200664{padding-top:<\/p>\n","protected":false},"author":4,"featured_media":0,"parent":0,"menu_order":0,"comment_status":"closed","ping_status":"closed","template":"","meta":{"_acf_changed":false,"footnotes":""},"class_list":["post-3853","page","type-page","status-publish","hentry"],"acf":[],"aioseo_notices":[],"_links":{"self":[{"href":"https:\/\/vinicom.pt\/en\/wp-json\/wp\/v2\/pages\/3853","targetHints":{"allow":["GET"]}}],"collection":[{"href":"https:\/\/vinicom.pt\/en\/wp-json\/wp\/v2\/pages"}],"about":[{"href":"https:\/\/vinicom.pt\/en\/wp-json\/wp\/v2\/types\/page"}],"author":[{"embeddable":true,"href":"https:\/\/vinicom.pt\/en\/wp-json\/wp\/v2\/users\/4"}],"replies":[{"embeddable":true,"href":"https:\/\/vinicom.pt\/en\/wp-json\/wp\/v2\/comments?post=3853"}],"version-history":[{"count":8,"href":"https:\/\/vinicom.pt\/en\/wp-json\/wp\/v2\/pages\/3853\/revisions"}],"predecessor-version":[{"id":10115,"href":"https:\/\/vinicom.pt\/en\/wp-json\/wp\/v2\/pages\/3853\/revisions\/10115"}],"wp:attachment":[{"href":"https:\/\/vinicom.pt\/en\/wp-json\/wp\/v2\/media?parent=3853"}],"curies":[{"name":"wp","href":"https:\/\/api.w.org\/{rel}","templated":true}]}}